{"id":1444,"date":"2024-10-21T10:44:05","date_gmt":"2024-10-21T08:44:05","guid":{"rendered":"https:\/\/tigrisweb3.com\/?page_id=1444"},"modified":"2024-10-22T16:05:07","modified_gmt":"2024-10-22T14:05:07","slug":"sfdr","status":"publish","type":"page","link":"https:\/\/tigrisweb3.com\/en\/sfdr\/","title":{"rendered":"SFDR"},"content":{"rendered":"<div data-elementor-type=\"wp-page\" data-elementor-id=\"1444\" class=\"elementor elementor-1444\" data-elementor-post-type=\"page\">\n\t\t\t\t<div class=\"elementor-element elementor-element-e6b397a e-flex e-con-boxed e-con e-parent\" data-id=\"e6b397a\" data-element_type=\"container\" data-settings=\"{&quot;background_background&quot;:&quot;gradient&quot;}\">\n\t\t\t\t\t<div class=\"e-con-inner\">\n\t\t\t\t<div class=\"elementor-element elementor-element-1018dd7 elementor-widget elementor-widget-heading\" data-id=\"1018dd7\" data-element_type=\"widget\" data-widget_type=\"heading.default\">\n\t\t\t\t<div class=\"elementor-widget-container\">\n\t\t\t\t\t<h1 class=\"elementor-heading-title elementor-size-default\">SFDR<\/h1>\t\t\t\t<\/div>\n\t\t\t\t<\/div>\n\t\t\t\t<div class=\"elementor-element elementor-element-eb92aad elementor-widget elementor-widget-heading\" data-id=\"eb92aad\" data-element_type=\"widget\" data-widget_type=\"heading.default\">\n\t\t\t\t<div class=\"elementor-widget-container\">\n\t\t\t\t\t<h4 class=\"elementor-heading-title elementor-size-default\">EU-Offenlegungsverordnung<\/h4>\t\t\t\t<\/div>\n\t\t\t\t<\/div>\n\t\t\t\t<div class=\"elementor-element elementor-element-105ece0 elementor-widget elementor-widget-text-editor\" data-id=\"105ece0\" data-element_type=\"widget\" data-widget_type=\"text-editor.default\">\n\t\t\t\t<div class=\"elementor-widget-container\">\n\t\t\t\t\t\t\t\t\t<p>Tigris AIFM FlexCo ist spezialisiert und fokussiert auf Investments in digitalen Assets basierend auf einem Proof of Stake Blockchain Technologiestack und vergleichbaren Konsensusmechanismen. Diese zeichnen sich durch hohe Energieeffizienz und einen minimalen \u00f6kologischen Footprint aus.Jedenfalls mehr als 80% des Fonds werden in diese nachhaltigen Technologien investiert. Der Fonds investiert nicht in Hardware oder physische Assets, vor allem nicht in CO2 intensives Krypto-Mining. Weitere Informationen externer Quellen dazu finden sie etwa unter indices.carbon-ratings.com und blog.cosmos.network<\/p>\n<p>Im Investmentprozess kommt es zu keiner gesonderten Ber\u00fccksichtigung von nachteiligen Auswirkungen von Investitionsentscheidungen auf Nachhaltigkeitsfaktoren, da die Assetklasse und Technologie, in welche der Fonds investiert keine nachteiligen Auswirkungen auf Nachhaltigkeitsfaktoren hat beziehungsweise diese vernachl\u00e4ssigbar sind. Aufgrundder vernachl\u00e4ssigbaren Auswirkungen auf Nachhaltigkeitsfaktoren werden Auswirkungen von Investitionsentscheidungen auf Nachhaltigkeitsfaktoren auch zuk\u00fcnftig nicht spezifischber\u00fccksichtigt. Tigris Web3 informiert sich aber stets \u00fcber die neuesten und energieeffizientesten Technologien und beabsichtigt diese im Rahmen der T\u00e4tigkeit als Fondsmanger auchanzuwenden.<\/p>\t\t\t\t\t\t\t\t<\/div>\n\t\t\t\t<\/div>\n\t\t\t\t\t<\/div>\n\t\t\t\t<\/div>\n\t\t\t\t<\/div>","protected":false},"excerpt":{"rendered":"<p>SFDR EU-Offenlegungsverordnung Tigris AIFM FlexCo ist spezialisiert und fokussiert auf Investments in digitalen Assets basierend auf einem Proof of Stake Blockchain Technologiestack und vergleichbaren Konsensusmechanismen. Diese zeichnen sich durch hohe Energieeffizienz und einen minimalen \u00f6kologischen Footprint aus.Jedenfalls mehr als 80% des Fonds werden in diese nachhaltigen Technologien investiert. Der Fonds investiert nicht in Hardware oder [&hellip;]<\/p>","protected":false},"author":1,"featured_media":0,"parent":0,"menu_order":0,"comment_status":"closed","ping_status":"closed","template":"elementor_header_footer","meta":{"inline_featured_image":false,"footnotes":""},"class_list":["post-1444","page","type-page","status-publish","hentry"],"yoast_head":"<!-- This site is optimized with the Yoast SEO plugin v25.6 - https:\/\/yoast.com\/wordpress\/plugins\/seo\/ -->\n<title>SFDR - Tigris Web3<\/title>\n<meta name=\"robots\" content=\"index, follow, max-snippet:-1, max-image-preview:large, max-video-preview:-1\" \/>\n<link rel=\"canonical\" href=\"https:\/\/tigrisweb3.com\/en\/sfdr\/\" \/>\n<meta property=\"og:locale\" content=\"en_US\" \/>\n<meta property=\"og:type\" content=\"article\" \/>\n<meta property=\"og:title\" content=\"SFDR - Tigris Web3\" \/>\n<meta property=\"og:description\" content=\"SFDR EU-Offenlegungsverordnung Tigris AIFM FlexCo ist spezialisiert und fokussiert auf Investments in digitalen Assets basierend auf einem Proof of Stake Blockchain Technologiestack und vergleichbaren Konsensusmechanismen. Diese zeichnen sich durch hohe Energieeffizienz und einen minimalen \u00f6kologischen Footprint aus.Jedenfalls mehr als 80% des Fonds werden in diese nachhaltigen Technologien investiert. Der Fonds investiert nicht in Hardware oder [&hellip;]\" \/>\n<meta property=\"og:url\" content=\"https:\/\/tigrisweb3.com\/en\/sfdr\/\" \/>\n<meta property=\"og:site_name\" content=\"Tigris Web3\" \/>\n<meta property=\"article:modified_time\" content=\"2024-10-22T14:05:07+00:00\" \/>\n<meta property=\"og:image\" content=\"https:\/\/tigrisweb3.com\/wp-content\/uploads\/2024\/09\/Favicon.jpg\" \/>\n\t<meta property=\"og:image:width\" content=\"512\" \/>\n\t<meta property=\"og:image:height\" content=\"512\" \/>\n\t<meta property=\"og:image:type\" content=\"image\/jpeg\" \/>\n<meta name=\"twitter:card\" content=\"summary_large_image\" \/>\n<meta name=\"twitter:label1\" content=\"Est. reading time\" \/>\n\t<meta name=\"twitter:data1\" content=\"1 minute\" \/>\n<script type=\"application\/ld+json\" class=\"yoast-schema-graph\">{\"@context\":\"https:\/\/schema.org\",\"@graph\":[{\"@type\":\"WebPage\",\"@id\":\"https:\/\/tigrisweb3.com\/sfdr\/\",\"url\":\"https:\/\/tigrisweb3.com\/sfdr\/\",\"name\":\"SFDR - Tigris Web3\",\"isPartOf\":{\"@id\":\"https:\/\/tigrisweb3.com\/#website\"},\"datePublished\":\"2024-10-21T08:44:05+00:00\",\"dateModified\":\"2024-10-22T14:05:07+00:00\",\"breadcrumb\":{\"@id\":\"https:\/\/tigrisweb3.com\/sfdr\/#breadcrumb\"},\"inLanguage\":\"en-US\",\"potentialAction\":[{\"@type\":\"ReadAction\",\"target\":[\"https:\/\/tigrisweb3.com\/sfdr\/\"]}]},{\"@type\":\"BreadcrumbList\",\"@id\":\"https:\/\/tigrisweb3.com\/sfdr\/#breadcrumb\",\"itemListElement\":[{\"@type\":\"ListItem\",\"position\":1,\"name\":\"Startseite\",\"item\":\"https:\/\/tigrisweb3.com\/\"},{\"@type\":\"ListItem\",\"position\":2,\"name\":\"SFDR\"}]},{\"@type\":\"WebSite\",\"@id\":\"https:\/\/tigrisweb3.com\/#website\",\"url\":\"https:\/\/tigrisweb3.com\/\",\"name\":\"Tigris Web3\",\"description\":\"\",\"publisher\":{\"@id\":\"https:\/\/tigrisweb3.com\/#organization\"},\"potentialAction\":[{\"@type\":\"SearchAction\",\"target\":{\"@type\":\"EntryPoint\",\"urlTemplate\":\"https:\/\/tigrisweb3.com\/?s={search_term_string}\"},\"query-input\":{\"@type\":\"PropertyValueSpecification\",\"valueRequired\":true,\"valueName\":\"search_term_string\"}}],\"inLanguage\":\"en-US\"},{\"@type\":\"Organization\",\"@id\":\"https:\/\/tigrisweb3.com\/#organization\",\"name\":\"Tigris Web3\",\"url\":\"https:\/\/tigrisweb3.com\/\",\"logo\":{\"@type\":\"ImageObject\",\"inLanguage\":\"en-US\",\"@id\":\"https:\/\/tigrisweb3.com\/#\/schema\/logo\/image\/\",\"url\":\"https:\/\/tigrisweb3.com\/wp-content\/uploads\/2024\/11\/Tigris-Icon.png\",\"contentUrl\":\"https:\/\/tigrisweb3.com\/wp-content\/uploads\/2024\/11\/Tigris-Icon.png\",\"width\":512,\"height\":512,\"caption\":\"Tigris Web3\"},\"image\":{\"@id\":\"https:\/\/tigrisweb3.com\/#\/schema\/logo\/image\/\"}}]}<\/script>\n<!-- \/ Yoast SEO plugin. -->","yoast_head_json":{"title":"SFDR - Tigris Web3","robots":{"index":"index","follow":"follow","max-snippet":"max-snippet:-1","max-image-preview":"max-image-preview:large","max-video-preview":"max-video-preview:-1"},"canonical":"https:\/\/tigrisweb3.com\/en\/sfdr\/","og_locale":"en_US","og_type":"article","og_title":"SFDR - Tigris Web3","og_description":"SFDR EU-Offenlegungsverordnung Tigris AIFM FlexCo ist spezialisiert und fokussiert auf Investments in digitalen Assets basierend auf einem Proof of Stake Blockchain Technologiestack und vergleichbaren Konsensusmechanismen. Diese zeichnen sich durch hohe Energieeffizienz und einen minimalen \u00f6kologischen Footprint aus.Jedenfalls mehr als 80% des Fonds werden in diese nachhaltigen Technologien investiert. Der Fonds investiert nicht in Hardware oder [&hellip;]","og_url":"https:\/\/tigrisweb3.com\/en\/sfdr\/","og_site_name":"Tigris Web3","article_modified_time":"2024-10-22T14:05:07+00:00","og_image":[{"width":512,"height":512,"url":"https:\/\/tigrisweb3.com\/wp-content\/uploads\/2024\/09\/Favicon.jpg","type":"image\/jpeg"}],"twitter_card":"summary_large_image","twitter_misc":{"Est. reading time":"1 minute"},"schema":{"@context":"https:\/\/schema.org","@graph":[{"@type":"WebPage","@id":"https:\/\/tigrisweb3.com\/sfdr\/","url":"https:\/\/tigrisweb3.com\/sfdr\/","name":"SFDR - Tigris Web3","isPartOf":{"@id":"https:\/\/tigrisweb3.com\/#website"},"datePublished":"2024-10-21T08:44:05+00:00","dateModified":"2024-10-22T14:05:07+00:00","breadcrumb":{"@id":"https:\/\/tigrisweb3.com\/sfdr\/#breadcrumb"},"inLanguage":"en-US","potentialAction":[{"@type":"ReadAction","target":["https:\/\/tigrisweb3.com\/sfdr\/"]}]},{"@type":"BreadcrumbList","@id":"https:\/\/tigrisweb3.com\/sfdr\/#breadcrumb","itemListElement":[{"@type":"ListItem","position":1,"name":"Startseite","item":"https:\/\/tigrisweb3.com\/"},{"@type":"ListItem","position":2,"name":"SFDR"}]},{"@type":"WebSite","@id":"https:\/\/tigrisweb3.com\/#website","url":"https:\/\/tigrisweb3.com\/","name":"Tigris Web3","description":"","publisher":{"@id":"https:\/\/tigrisweb3.com\/#organization"},"potentialAction":[{"@type":"SearchAction","target":{"@type":"EntryPoint","urlTemplate":"https:\/\/tigrisweb3.com\/?s={search_term_string}"},"query-input":{"@type":"PropertyValueSpecification","valueRequired":true,"valueName":"search_term_string"}}],"inLanguage":"en-US"},{"@type":"Organization","@id":"https:\/\/tigrisweb3.com\/#organization","name":"Tigris Web3","url":"https:\/\/tigrisweb3.com\/","logo":{"@type":"ImageObject","inLanguage":"en-US","@id":"https:\/\/tigrisweb3.com\/#\/schema\/logo\/image\/","url":"https:\/\/tigrisweb3.com\/wp-content\/uploads\/2024\/11\/Tigris-Icon.png","contentUrl":"https:\/\/tigrisweb3.com\/wp-content\/uploads\/2024\/11\/Tigris-Icon.png","width":512,"height":512,"caption":"Tigris Web3"},"image":{"@id":"https:\/\/tigrisweb3.com\/#\/schema\/logo\/image\/"}}]}},"_links":{"self":[{"href":"https:\/\/tigrisweb3.com\/en\/wp-json\/wp\/v2\/pages\/1444","targetHints":{"allow":["GET"]}}],"collection":[{"href":"https:\/\/tigrisweb3.com\/en\/wp-json\/wp\/v2\/pages"}],"about":[{"href":"https:\/\/tigrisweb3.com\/en\/wp-json\/wp\/v2\/types\/page"}],"author":[{"embeddable":true,"href":"https:\/\/tigrisweb3.com\/en\/wp-json\/wp\/v2\/users\/1"}],"replies":[{"embeddable":true,"href":"https:\/\/tigrisweb3.com\/en\/wp-json\/wp\/v2\/comments?post=1444"}],"version-history":[{"count":0,"href":"https:\/\/tigrisweb3.com\/en\/wp-json\/wp\/v2\/pages\/1444\/revisions"}],"wp:attachment":[{"href":"https:\/\/tigrisweb3.com\/en\/wp-json\/wp\/v2\/media?parent=1444"}],"curies":[{"name":"wp","href":"https:\/\/api.w.org\/{rel}","templated":true}]}}